{"id":884,"date":"2022-12-12T18:10:54","date_gmt":"2022-12-12T18:10:54","guid":{"rendered":"https:\/\/bielpozoypadilla.cl\/?page_id=884"},"modified":"2022-12-28T19:37:21","modified_gmt":"2022-12-28T19:37:21","slug":"divorcios","status":"publish","type":"page","link":"https:\/\/bielpozoypadilla.cl\/?page_id=884","title":{"rendered":"Divorcios"},"content":{"rendered":"\n<div id=\"ez-toc-container\" class=\"ez-toc-v2_0_65 counter-hierarchy ez-toc-counter ez-toc-grey ez-toc-container-direction\">\n<div class=\"ez-toc-title-container\">\n<p class=\"ez-toc-title \" >&Iacute;ndice<\/p>\n<span class=\"ez-toc-title-toggle\"><a href=\"#\" class=\"ez-toc-pull-right ez-toc-btn ez-toc-btn-xs ez-toc-btn-default ez-toc-toggle\" aria-label=\"Toggle Table of Content\"><span class=\"ez-toc-js-icon-con\"><span class=\"\"><span class=\"eztoc-hide\" style=\"display:none;\">Toggle<\/span><span class=\"ez-toc-icon-toggle-span\"><svg style=\"fill: #999;color:#999\" xmlns=\"http:\/\/www.w3.org\/2000\/svg\" class=\"list-377408\" width=\"20px\" height=\"20px\" viewBox=\"0 0 24 24\" fill=\"none\"><path d=\"M6 6H4v2h2V6zm14 0H8v2h12V6zM4 11h2v2H4v-2zm16 0H8v2h12v-2zM4 16h2v2H4v-2zm16 0H8v2h12v-2z\" fill=\"currentColor\"><\/path><\/svg><svg style=\"fill: #999;color:#999\" class=\"arrow-unsorted-368013\" xmlns=\"http:\/\/www.w3.org\/2000\/svg\" width=\"10px\" height=\"10px\" viewBox=\"0 0 24 24\" version=\"1.2\" baseProfile=\"tiny\"><path d=\"M18.2 9.3l-6.2-6.3-6.2 6.3c-.2.2-.3.4-.3.7s.1.5.3.7c.2.2.4.3.7.3h11c.3 0 .5-.1.7-.3.2-.2.3-.5.3-.7s-.1-.5-.3-.7zM5.8 14.7l6.2 6.3 6.2-6.3c.2-.2.3-.5.3-.7s-.1-.5-.3-.7c-.2-.2-.4-.3-.7-.3h-11c-.3 0-.5.1-.7.3-.2.2-.3.5-.3.7s.1.5.3.7z\"\/><\/svg><\/span><\/span><\/span><\/a><\/span><\/div>\n<nav><ul class='ez-toc-list ez-toc-list-level-1 ' ><li class='ez-toc-page-1 ez-toc-heading-level-2'><a class=\"ez-toc-link ez-toc-heading-1\" href=\"https:\/\/bielpozoypadilla.cl\/?page_id=884\/#Divorcio_de_mutuo_acuerdo\" title=\"Divorcio de mutuo acuerdo\">Divorcio de mutuo acuerdo<\/a><\/li><li class='ez-toc-page-1 ez-toc-heading-level-2'><a class=\"ez-toc-link ez-toc-heading-2\" href=\"https:\/\/bielpozoypadilla.cl\/?page_id=884\/#Divorcio_unilateral\" title=\"Divorcio unilateral\">Divorcio unilateral<\/a><\/li><li class='ez-toc-page-1 ez-toc-heading-level-2'><a class=\"ez-toc-link ez-toc-heading-3\" href=\"https:\/\/bielpozoypadilla.cl\/?page_id=884\/#Divorcio_culposo\" title=\"Divorcio culposo\">Divorcio culposo<\/a><\/li><\/ul><\/nav><\/div>\n<h2 class=\"has-text-align-center wp-block-heading\"><span class=\"ez-toc-section\" id=\"Divorcio_de_mutuo_acuerdo\"><\/span>Divorcio de mutuo acuerdo<span class=\"ez-toc-section-end\"><\/span><\/h2>\n\n\n\n<p class=\"has-text-align-center\">El divorcio de mutuo acuerdo para ser declarado judicialmente requiere que los c\u00f3nyuges se encuentren separados hace m\u00e1s de un a\u00f1o. Adem\u00e1s deben regular mediante un acuerdo los alimentos y visitas en caso que existan hijos comunes.<\/p>\n\n\n\n<p class=\"has-text-align-center\">En caso que exista acuerdo total sobre las materias se\u00f1aladas previamente, este tipo de divorcio no requiere la asistencia personal de los c\u00f3nyuges ni de los testigos ante la presencia del juez, por lo que puede ser declarado ante la simple solicitud formal presentada por su abogado.<\/p>\n\n\n\n<h2 class=\"has-text-align-center wp-block-heading\"><span class=\"ez-toc-section\" id=\"Divorcio_unilateral\"><\/span>Divorcio unilateral<span class=\"ez-toc-section-end\"><\/span><\/h2>\n\n\n\n<p class=\"has-text-align-center\">El divorcio unilateral tiene lugar cuando los c\u00f3nyuges se encuentras separados de hecho por un plazo superior a los 3 a\u00f1os. Esta circunstancia se  puede acreditar con testigos, cese de convivencia notificado v\u00e1lidamente o con la existencia previa de demandas de alimentos entre los c\u00f3nyuges. <\/p>\n\n\n\n<h2 class=\"has-text-align-center wp-block-heading\"><span class=\"ez-toc-section\" id=\"Divorcio_culposo\"><\/span>Divorcio culposo<span class=\"ez-toc-section-end\"><\/span><\/h2>\n\n\n\n<p class=\"has-text-align-center\">El divorcio culposo no requiere plazo de separaci\u00f3n de hecho previa para que el juez pueda decretarlo. Este tipo de divorcio tiene lugar cuando existe una violaci\u00f3n grave de los derechos y obligaciones del matrimonio que tornen intolerable la vida en com\u00fan, por ejemplo: Infidelidad, alcoholismo o drogadicci\u00f3n, el abandono continuo o reiterado del hogar com\u00fan, entre otras.<\/p>\n\n\n\n<p><\/p>\n\n\n\n<p><\/p>\n","protected":false},"excerpt":{"rendered":"<p>Divorcio de mutuo acuerdo El divorcio de mutuo acuerdo para ser declarado judicialmente requiere que los c\u00f3nyuges se encuentren separados hace m\u00e1s de un a\u00f1o. Adem\u00e1s deben regular mediante un acuerdo los alimentos y visitas en caso que existan hijos comunes. En caso que exista acuerdo total sobre las materias se\u00f1aladas previamente, este tipo de [&hellip;]<\/p>\n","protected":false},"author":1,"featured_media":0,"parent":0,"menu_order":0,"comment_status":"closed","ping_status":"closed","template":"","meta":{"content-type":"","_joinchat":[],"footnotes":""},"class_list":["post-884","page","type-page","status-publish","hentry"],"_links":{"self":[{"href":"https:\/\/bielpozoypadilla.cl\/index.php?rest_route=\/wp\/v2\/pages\/884","targetHints":{"allow":["GET"]}}],"collection":[{"href":"https:\/\/bielpozoypadilla.cl\/index.php?rest_route=\/wp\/v2\/pages"}],"about":[{"href":"https:\/\/bielpozoypadilla.cl\/index.php?rest_route=\/wp\/v2\/types\/page"}],"author":[{"embeddable":true,"href":"https:\/\/bielpozoypadilla.cl\/index.php?rest_route=\/wp\/v2\/users\/1"}],"replies":[{"embeddable":true,"href":"https:\/\/bielpozoypadilla.cl\/index.php?rest_route=%2Fwp%2Fv2%2Fcomments&post=884"}],"version-history":[{"count":3,"href":"https:\/\/bielpozoypadilla.cl\/index.php?rest_route=\/wp\/v2\/pages\/884\/revisions"}],"predecessor-version":[{"id":955,"href":"https:\/\/bielpozoypadilla.cl\/index.php?rest_route=\/wp\/v2\/pages\/884\/revisions\/955"}],"wp:attachment":[{"href":"https:\/\/bielpozoypadilla.cl\/index.php?rest_route=%2Fwp%2Fv2%2Fmedia&parent=884"}],"curies":[{"name":"wp","href":"https:\/\/api.w.org\/{rel}","templated":true}]}}