{"id":53,"date":"2015-10-04T18:57:46","date_gmt":"2015-10-04T18:57:46","guid":{"rendered":"http:\/\/demo.hashthemes.com\/square\/?page_id=53"},"modified":"2022-11-10T13:11:29","modified_gmt":"2022-11-10T13:11:29","slug":"advanced-business-solutions","status":"publish","type":"page","link":"https:\/\/bielpozoypadilla.cl\/?page_id=53","title":{"rendered":"Derecho de Familia"},"content":{"rendered":"<ul>\n<li>Divorcios unilaterales, mutuo acuerdo y culposos.<\/li>\n<li>Demandas de derecho de alimentos mayores y menores.<\/li>\n<li>Aumento y cese de derecho de alimentos.<\/li>\n<li>Declaraci\u00f3n de bien familiar.<\/li>\n<li>Cuidado personal.<\/li>\n<li>Demandas de r\u00e9gimen de relaci\u00f3n directa y regular. (Visitas)<\/li>\n<li>Autorizaci\u00f3n judicial de ni\u00f1os para viajes al extranjero.<\/li>\n<li>Juicios de Filiaci\u00f3n.<\/li>\n<li>Cumplimiento de alimentos.<\/li>\n<li>Medidas de protecci\u00f3n para ni\u00f1os, ni\u00f1as y adolescentes.<\/li>\n<li>Procedimientos de violencia intrafamiliar.<\/li>\n<li>Cumplimiento del r\u00e9gimen de relaci\u00f3n directa y regular<\/li>\n<\/ul>\n","protected":false},"excerpt":{"rendered":"<p>Divorcios \/ Derecho de alimentos\/ Cuidado personal \/ Violencia intrafamiliar \/ Juicios de filiaci\u00f3n \/ Compensaci\u00f3n econ\u00f3mica.<\/p>\n","protected":false},"author":1,"featured_media":0,"parent":0,"menu_order":0,"comment_status":"closed","ping_status":"closed","template":"","meta":{"content-type":"","_joinchat":[],"footnotes":""},"class_list":["post-53","page","type-page","status-publish","hentry"],"_links":{"self":[{"href":"https:\/\/bielpozoypadilla.cl\/index.php?rest_route=\/wp\/v2\/pages\/53","targetHints":{"allow":["GET"]}}],"collection":[{"href":"https:\/\/bielpozoypadilla.cl\/index.php?rest_route=\/wp\/v2\/pages"}],"about":[{"href":"https:\/\/bielpozoypadilla.cl\/index.php?rest_route=\/wp\/v2\/types\/page"}],"author":[{"embeddable":true,"href":"https:\/\/bielpozoypadilla.cl\/index.php?rest_route=\/wp\/v2\/users\/1"}],"replies":[{"embeddable":true,"href":"https:\/\/bielpozoypadilla.cl\/index.php?rest_route=%2Fwp%2Fv2%2Fcomments&post=53"}],"version-history":[{"count":8,"href":"https:\/\/bielpozoypadilla.cl\/index.php?rest_route=\/wp\/v2\/pages\/53\/revisions"}],"predecessor-version":[{"id":782,"href":"https:\/\/bielpozoypadilla.cl\/index.php?rest_route=\/wp\/v2\/pages\/53\/revisions\/782"}],"wp:attachment":[{"href":"https:\/\/bielpozoypadilla.cl\/index.php?rest_route=%2Fwp%2Fv2%2Fmedia&parent=53"}],"curies":[{"name":"wp","href":"https:\/\/api.w.org\/{rel}","templated":true}]}}