{"id":175,"date":"2016-02-13T12:44:53","date_gmt":"2016-02-13T12:44:53","guid":{"rendered":"http:\/\/demo.hashthemes.com\/square\/?page_id=175"},"modified":"2022-12-12T18:15:11","modified_gmt":"2022-12-12T18:15:11","slug":"services","status":"publish","type":"page","link":"https:\/\/bielpozoypadilla.cl\/?page_id=175","title":{"rendered":"SERVICIOS"},"content":{"rendered":"\t\t<div data-elementor-type=\"wp-page\" data-elementor-id=\"175\" class=\"elementor elementor-175\">\n\t\t\t\t\t\t<section class=\"elementor-section elementor-top-section elementor-element elementor-element-4420fc2a elementor-section-boxed elementor-section-height-default elementor-section-height-default\" data-id=\"4420fc2a\" data-element_type=\"section\">\n\t\t\t\t\t\t<div class=\"elementor-container elementor-column-gap-default\">\n\t\t\t\t\t<div class=\"elementor-column elementor-col-100 elementor-top-column elementor-element elementor-element-2ee9cfaa\" data-id=\"2ee9cfaa\" data-element_type=\"column\">\n\t\t\t<div class=\"elementor-widget-wrap elementor-element-populated\">\n\t\t\t\t\t\t<div class=\"elementor-element elementor-element-2e14b6f2 elementor-widget elementor-widget-text-editor\" data-id=\"2e14b6f2\" data-element_type=\"widget\" data-widget_type=\"text-editor.default\">\n\t\t\t\t<div class=\"elementor-widget-container\">\n\t\t\t<style>\/*! elementor - v3.21.0 - 25-04-2024 *\/\n.elementor-widget-text-editor.elementor-drop-cap-view-stacked .elementor-drop-cap{background-color:#69727d;color:#fff}.elementor-widget-text-editor.elementor-drop-cap-view-framed .elementor-drop-cap{color:#69727d;border:3px solid;background-color:transparent}.elementor-widget-text-editor:not(.elementor-drop-cap-view-default) .elementor-drop-cap{margin-top:8px}.elementor-widget-text-editor:not(.elementor-drop-cap-view-default) .elementor-drop-cap-letter{width:1em;height:1em}.elementor-widget-text-editor .elementor-drop-cap{float:left;text-align:center;line-height:1;font-size:50px}.elementor-widget-text-editor .elementor-drop-cap-letter{display:inline-block}<\/style>\t\t\t\t<p><strong>Derecho Civil:<\/strong><\/p>\n<ul>\n<li>Incumplimientos contractuales<\/li>\n<li>Defensa de deudores.<\/li>\n<li>Prescripci\u00f3n.<\/li>\n<li>Indemnizaci\u00f3n de perjuicios.<\/li>\n<li>Expropiaciones.<\/li>\n<li>Cambios de nombre.<\/li>\n<li>Posesi\u00f3n efectiva testada e intestada.<\/li>\n<li>T\u00e9rmino de contrato de arrendamiento.<\/li>\n<li>Juicios Hipotecarios.<\/li>\n<li>Accidentes de tr\u00e1nsito.<\/li>\n<li>Derecho del consumidor.<\/li>\n<\/ul>\n<p><strong>Derecho de Familia:<\/strong><\/p>\n<ul>\n<li><a href=\"https:\/\/bielpozoypadilla.cl\/?page_id=884\">Divorcios unilaterales, mutuo acuerdo y culposos.<\/a><\/li>\n<li>Demandas de derecho de alimentos mayores y menores.<\/li>\n<li>Aumento y cese de derecho de alimentos.<\/li>\n<li>Declaraci\u00f3n de bien familiar.<\/li>\n<li>Cuidado personal.<\/li>\n<li>Demandas de r\u00e9gimen de relaci\u00f3n directa y regular. (Visitas)<\/li>\n<li>Autorizaci\u00f3n judicial de ni\u00f1os para viajes al extranjero.<\/li>\n<li>Juicios de Filiaci\u00f3n.<\/li>\n<li>Cumplimiento de alimentos.<\/li>\n<li>Medidas de protecci\u00f3n para ni\u00f1os, ni\u00f1as y adolescentes.<\/li>\n<li>Procedimientos de violencia intrafamiliar.<\/li>\n<li>Cumplimiento del r\u00e9gimen de relaci\u00f3n directa y regular.<\/li>\n<\/ul>\n<p><strong>Derecho Laboral:<\/strong><\/p>\n<ul>\n<li>Despidos injustificados.<\/li>\n<li>Despidos por necesidades de la empresa.<\/li>\n<li>Nulidad de despido.<\/li>\n<li>Cobro de prestaciones laborales.<\/li>\n<li>Auto despidos.<\/li>\n<li>Acci\u00f3n de tutela laboral.<\/li>\n<li>Desafueros.<\/li>\n<\/ul>\t\t\t\t\t\t<\/div>\n\t\t\t\t<\/div>\n\t\t\t\t\t<\/div>\n\t\t<\/div>\n\t\t\t\t\t<\/div>\n\t\t<\/section>\n\t\t\t\t<\/div>\n\t\t","protected":false},"excerpt":{"rendered":"<p>Derecho Civil: Incumplimientos contractuales Defensa de deudores. Prescripci\u00f3n. Indemnizaci\u00f3n de perjuicios. Expropiaciones. Cambios de nombre. Posesi\u00f3n efectiva testada e intestada. T\u00e9rmino de contrato de arrendamiento. Juicios Hipotecarios. Accidentes de tr\u00e1nsito. Derecho del consumidor. Derecho de Familia: Divorcios unilaterales, mutuo acuerdo y culposos. Demandas de derecho de alimentos mayores y menores. Aumento y cese de derecho [&hellip;]<\/p>\n","protected":false},"author":1,"featured_media":0,"parent":0,"menu_order":0,"comment_status":"closed","ping_status":"closed","template":"","meta":{"content-type":"","_joinchat":[],"footnotes":""},"class_list":["post-175","page","type-page","status-publish","hentry"],"_links":{"self":[{"href":"https:\/\/bielpozoypadilla.cl\/index.php?rest_route=\/wp\/v2\/pages\/175","targetHints":{"allow":["GET"]}}],"collection":[{"href":"https:\/\/bielpozoypadilla.cl\/index.php?rest_route=\/wp\/v2\/pages"}],"about":[{"href":"https:\/\/bielpozoypadilla.cl\/index.php?rest_route=\/wp\/v2\/types\/page"}],"author":[{"embeddable":true,"href":"https:\/\/bielpozoypadilla.cl\/index.php?rest_route=\/wp\/v2\/users\/1"}],"replies":[{"embeddable":true,"href":"https:\/\/bielpozoypadilla.cl\/index.php?rest_route=%2Fwp%2Fv2%2Fcomments&post=175"}],"version-history":[{"count":6,"href":"https:\/\/bielpozoypadilla.cl\/index.php?rest_route=\/wp\/v2\/pages\/175\/revisions"}],"predecessor-version":[{"id":890,"href":"https:\/\/bielpozoypadilla.cl\/index.php?rest_route=\/wp\/v2\/pages\/175\/revisions\/890"}],"wp:attachment":[{"href":"https:\/\/bielpozoypadilla.cl\/index.php?rest_route=%2Fwp%2Fv2%2Fmedia&parent=175"}],"curies":[{"name":"wp","href":"https:\/\/api.w.org\/{rel}","templated":true}]}}