{"id":129,"date":"2015-10-17T13:10:26","date_gmt":"2015-10-17T13:10:26","guid":{"rendered":"http:\/\/demo.hashthemes.com\/square\/?page_id=129"},"modified":"2023-02-01T14:47:08","modified_gmt":"2023-02-01T14:47:08","slug":"we-build-readymade-applications","status":"publish","type":"page","link":"https:\/\/bielpozoypadilla.cl\/?page_id=129","title":{"rendered":"Nuestro equipo"},"content":{"rendered":"\n<p>Los profesionales que conforman nuestro estudio:<\/p>\n\n\n\n<div class=\"wp-block-columns has-3-columns is-layout-flex wp-container-core-columns-is-layout-9d6595d7 wp-block-columns-is-layout-flex\">\n<div class=\"wp-block-column is-layout-flow wp-block-column-is-layout-flow\">\n<figure class=\"wp-block-image size-full\"><img fetchpriority=\"high\" decoding=\"async\" width=\"684\" height=\"686\" src=\"https:\/\/bielpozoypadilla.cl\/wp-content\/uploads\/2022\/12\/bbbb.jpg\" alt=\"\" class=\"wp-image-856\" srcset=\"https:\/\/bielpozoypadilla.cl\/wp-content\/uploads\/2022\/12\/bbbb.jpg 684w, https:\/\/bielpozoypadilla.cl\/wp-content\/uploads\/2022\/12\/bbbb-300x300.jpg 300w, https:\/\/bielpozoypadilla.cl\/wp-content\/uploads\/2022\/12\/bbbb-150x150.jpg 150w\" sizes=\"(max-width: 684px) 100vw, 684px\" \/><figcaption class=\"wp-element-caption\"><br><br><strong>Rodrigo Biel Melgarejo<br><\/strong>Socio Principal<\/figcaption><\/figure>\n\n\n\n<p class=\"has-text-align-center\" style=\"font-size:16px\">Ex ministro de la Corte de Apelaciones de Talca y Ministro suplente de la Corte Suprema de Justicia. Profesor titular de la Universidad de Talca.<\/p>\n\n\n\n<p class=\"has-text-align-center\" style=\"font-size:16px\">Educaci\u00f3n: Derecho, Universidad de Concepci\u00f3n.<\/p>\n<\/div>\n\n\n\n<div class=\"wp-block-column is-layout-flow wp-block-column-is-layout-flow\">\n<figure class=\"wp-block-image size-full\"><img decoding=\"async\" width=\"683\" height=\"683\" src=\"https:\/\/bielpozoypadilla.cl\/wp-content\/uploads\/2022\/12\/SERGIO-IGUAL-MB.png\" alt=\"\" class=\"wp-image-916\" srcset=\"https:\/\/bielpozoypadilla.cl\/wp-content\/uploads\/2022\/12\/SERGIO-IGUAL-MB.png 683w, https:\/\/bielpozoypadilla.cl\/wp-content\/uploads\/2022\/12\/SERGIO-IGUAL-MB-300x300.png 300w, https:\/\/bielpozoypadilla.cl\/wp-content\/uploads\/2022\/12\/SERGIO-IGUAL-MB-150x150.png 150w\" sizes=\"(max-width: 683px) 100vw, 683px\" \/><figcaption class=\"wp-element-caption\"><br><strong><br>Sergio Pozo Rojas<br><\/strong>Socio<\/figcaption><\/figure>\n\n\n\n<p class=\"has-text-align-center\" style=\"font-size:16px\">Litigaci\u00f3n civil, derecho del consumo y propiedad intelectual.<\/p>\n\n\n\n<p><\/p>\n\n\n\n<p><\/p>\n\n\n\n<p class=\"has-text-align-center\" style=\"font-size:16px\">Educaci\u00f3n: Derecho, Universidad de Talca.<\/p>\n<\/div>\n\n\n\n<div class=\"wp-block-column is-layout-flow wp-block-column-is-layout-flow\">\n<p><\/p>\n\n\n\n<p class=\"has-text-align-center\" style=\"font-size:16px\"><\/p>\n<\/div>\n<\/div>\n\n\n\n<div class=\"wp-block-button aligncenter\"><a class=\"wp-block-button__link wp-element-button\" href=\"#\">Ver todos<\/a><\/div>\n","protected":false},"excerpt":{"rendered":"<p>Los profesionales que conforman nuestro estudio: Ex ministro de la Corte de Apelaciones de Talca y Ministro suplente de la Corte Suprema de Justicia. Profesor titular de la Universidad de Talca. Educaci\u00f3n: Derecho, Universidad de Concepci\u00f3n. Litigaci\u00f3n civil, derecho del consumo y propiedad intelectual. Educaci\u00f3n: Derecho, Universidad de Talca.<\/p>\n","protected":false},"author":1,"featured_media":0,"parent":0,"menu_order":0,"comment_status":"closed","ping_status":"closed","template":"","meta":{"content-type":"","_joinchat":[],"footnotes":""},"class_list":["post-129","page","type-page","status-publish","hentry"],"_links":{"self":[{"href":"https:\/\/bielpozoypadilla.cl\/index.php?rest_route=\/wp\/v2\/pages\/129","targetHints":{"allow":["GET"]}}],"collection":[{"href":"https:\/\/bielpozoypadilla.cl\/index.php?rest_route=\/wp\/v2\/pages"}],"about":[{"href":"https:\/\/bielpozoypadilla.cl\/index.php?rest_route=\/wp\/v2\/types\/page"}],"author":[{"embeddable":true,"href":"https:\/\/bielpozoypadilla.cl\/index.php?rest_route=\/wp\/v2\/users\/1"}],"replies":[{"embeddable":true,"href":"https:\/\/bielpozoypadilla.cl\/index.php?rest_route=%2Fwp%2Fv2%2Fcomments&post=129"}],"version-history":[{"count":32,"href":"https:\/\/bielpozoypadilla.cl\/index.php?rest_route=\/wp\/v2\/pages\/129\/revisions"}],"predecessor-version":[{"id":960,"href":"https:\/\/bielpozoypadilla.cl\/index.php?rest_route=\/wp\/v2\/pages\/129\/revisions\/960"}],"wp:attachment":[{"href":"https:\/\/bielpozoypadilla.cl\/index.php?rest_route=%2Fwp%2Fv2%2Fmedia&parent=129"}],"curies":[{"name":"wp","href":"https:\/\/api.w.org\/{rel}","templated":true}]}}